{"id":121,"date":"2024-12-20T11:09:40","date_gmt":"2024-12-20T11:09:40","guid":{"rendered":"https:\/\/shpb.put.poznan.pl\/?page_id=121"},"modified":"2024-12-20T11:09:41","modified_gmt":"2024-12-20T11:09:41","slug":"aktualnosci","status":"publish","type":"page","link":"https:\/\/shpb.put.poznan.pl\/?page_id=121","title":{"rendered":"Aktualno\u015bci"},"content":{"rendered":"\n<p>W dniach 15-18 pa\u017adziernika 2024 dr. in\u017c. Marcin Nowak podczas<strong> XVII Konferencji Naukowo-Technicznej TECHNIKI KOMPUTEROWE W IN\u017bYNIERII TKI\u20192024<\/strong>, kt\u00f3ra odby\u0142a si\u0119 w Starych Sadach, przedstawi\u0142 referat:<br><br>M. Nowak*, W. Sumelka,\u00a0P. Stempin, T. Jankowiak, M. Wieczorowski, J. Ma\u0142ecka, G. Robak, J. Kr\u00f3lczyk, K. Cybul.\u00a0<em><strong>Numerical analysis and experimental validation of split Hopkinson pressure bar setups: Proposal for a standard experimental design<\/strong><\/em><strong>.<\/strong>\u00a0<br><\/p>\n\n\n\n<hr class=\"wp-block-separator has-text-color has-accent-3-color has-alpha-channel-opacity has-accent-3-background-color has-background is-style-wide is-style-wide--1\" style=\"margin-top:var(--wp--preset--spacing--20);margin-bottom:var(--wp--preset--spacing--20)\"\/>\n\n\n\n<p>W dniach 16-18 wrze\u015bnia 2024 dr hab. in\u017c. Tomasz Jankowiak, prof. PP podczas konferencji <strong>International Conference \u201eNew Trends in Metrology\u201d<\/strong>, kt\u00f3ra odby\u0142a si\u0119 w Kielcach, przedstawi\u0142 referat dot. wyzwa\u0144 zwi\u0105zanych z szybkimi dynamicznymi testami laboratoryjnymi:<br><br>Tomasz Jankowiak*, Marcin Nowak, Wojciech Sumelka,\u00a0Paulina Stempin, Micha\u0142 Wieczorowski, Joanna Ma\u0142ecka,\u00a0 Grzegorz Robak, Jolanta Kr\u00f3lczyk, Kamil Cybul.\u00a0<strong><em>Challenges in fast dynamic laboratory testing<\/em>.<\/strong>\u00a0<\/p>\n\n\n\n<hr class=\"wp-block-separator has-text-color has-accent-3-color has-alpha-channel-opacity has-accent-3-background-color has-background is-style-wide is-style-wide--2\" style=\"margin-top:var(--wp--preset--spacing--20);margin-bottom:var(--wp--preset--spacing--20)\"\/>\n\n\n\n<p> <\/p>\n","protected":false},"excerpt":{"rendered":"<p>W dniach 15-18 pa\u017adziernika 2024 dr. in\u017c. Marcin Nowak podczas XVII Konferencji Naukowo-Technicznej TECHNIKI KOMPUTEROWE W IN\u017bYNIERII TKI\u20192024, kt\u00f3ra odby\u0142a si\u0119 w Starych Sadach, przedstawi\u0142 referat: M. Nowak*, W. Sumelka,\u00a0P. Stempin, T. Jankowiak, M. Wieczorowski, J. Ma\u0142ecka, G. Robak, J. Kr\u00f3lczyk, K. Cybul.\u00a0Numerical analysis and experimental validation of split Hopkinson pressure bar setups: Proposal for [&hellip;]<\/p>\n","protected":false},"author":1,"featured_media":0,"parent":0,"menu_order":0,"comment_status":"closed","ping_status":"closed","template":"","meta":{"_editorskit_title_hidden":false,"_editorskit_reading_time":0,"_editorskit_is_block_options_detached":false,"_editorskit_block_options_position":"{}","footnotes":""},"class_list":["post-121","page","type-page","status-publish","hentry"],"_links":{"self":[{"href":"https:\/\/shpb.put.poznan.pl\/index.php?rest_route=\/wp\/v2\/pages\/121","targetHints":{"allow":["GET"]}}],"collection":[{"href":"https:\/\/shpb.put.poznan.pl\/index.php?rest_route=\/wp\/v2\/pages"}],"about":[{"href":"https:\/\/shpb.put.poznan.pl\/index.php?rest_route=\/wp\/v2\/types\/page"}],"author":[{"embeddable":true,"href":"https:\/\/shpb.put.poznan.pl\/index.php?rest_route=\/wp\/v2\/users\/1"}],"replies":[{"embeddable":true,"href":"https:\/\/shpb.put.poznan.pl\/index.php?rest_route=%2Fwp%2Fv2%2Fcomments&post=121"}],"version-history":[{"count":5,"href":"https:\/\/shpb.put.poznan.pl\/index.php?rest_route=\/wp\/v2\/pages\/121\/revisions"}],"predecessor-version":[{"id":127,"href":"https:\/\/shpb.put.poznan.pl\/index.php?rest_route=\/wp\/v2\/pages\/121\/revisions\/127"}],"wp:attachment":[{"href":"https:\/\/shpb.put.poznan.pl\/index.php?rest_route=%2Fwp%2Fv2%2Fmedia&parent=121"}],"curies":[{"name":"wp","href":"https:\/\/api.w.org\/{rel}","templated":true}]}}